{"id":2018,"date":"2025-04-04T16:11:13","date_gmt":"2025-04-04T14:11:13","guid":{"rendered":"http:\/\/nonnoluigino.com\/prodotto\/passata-di-pomodoro\/"},"modified":"2025-05-23T16:04:55","modified_gmt":"2025-05-23T14:04:55","slug":"tomato-puree","status":"publish","type":"product","link":"https:\/\/nonnoluigino.com\/en\/prodotto\/tomato-puree\/","title":{"rendered":"Tomato pur\u00e9e"},"content":{"rendered":"","protected":false},"excerpt":{"rendered":"<p>Taste the true essence of tomato with our artisanal tomato pur\u00e9e. Made with fresh tomatoes, grown in our fields and processed using traditional methods, this pur\u00e9e is ideal for enriching every dish with an authentic and genuine flavor.<\/p>\n<p>720ml format.<\/p>\n","protected":false},"featured_media":1698,"comment_status":"open","ping_status":"closed","template":"","meta":[],"product_brand":[],"product_cat":[61,49],"product_tag":[],"class_list":{"0":"post-2018","1":"product","2":"type-product","3":"status-publish","4":"has-post-thumbnail","6":"product_cat-featured-products","7":"product_cat-typical-products","8":"has-post-title","9":"has-post-date","10":"has-post-category","11":"has-post-tag","12":"has-post-comment","13":"has-post-author","14":"","16":"first","17":"instock","18":"shipping-taxable","19":"purchasable","20":"product-type-simple"},"yoast_head":"<!-- This site is optimized with the Yoast SEO plugin v25.8 - https:\/\/yoast.com\/wordpress\/plugins\/seo\/ -->\n<title>Tomato pur\u00e9e - Nonno Luigino<\/title>\n<meta name=\"robots\" content=\"index, follow, max-snippet:-1, max-image-preview:large, max-video-preview:-1\" \/>\n<link rel=\"canonical\" href=\"https:\/\/nonnoluigino.com\/en\/prodotto\/tomato-puree\/\" \/>\n<meta property=\"og:locale\" content=\"en_US\" \/>\n<meta property=\"og:type\" content=\"article\" \/>\n<meta property=\"og:title\" content=\"Tomato pur\u00e9e - Nonno Luigino\" \/>\n<meta property=\"og:description\" content=\"Taste the true essence of tomato with our artisanal tomato pur\u00e9e. Made with fresh tomatoes, grown in our fields and processed using traditional methods, this pur\u00e9e is ideal for enriching every dish with an authentic and genuine flavor.  720ml format.\" \/>\n<meta property=\"og:url\" content=\"https:\/\/nonnoluigino.com\/en\/prodotto\/tomato-puree\/\" \/>\n<meta property=\"og:site_name\" content=\"Nonno Luigino\" \/>\n<meta property=\"article:modified_time\" content=\"2025-05-23T14:04:55+00:00\" \/>\n<meta property=\"og:image\" content=\"https:\/\/nonnoluigino.com\/wp-content\/uploads\/2025\/04\/passata-pomodoro.jpg\" \/>\n\t<meta property=\"og:image:width\" content=\"800\" \/>\n\t<meta property=\"og:image:height\" content=\"800\" \/>\n\t<meta property=\"og:image:type\" content=\"image\/jpeg\" \/>\n<meta name=\"twitter:card\" content=\"summary_large_image\" \/>\n<script type=\"application\/ld+json\" class=\"yoast-schema-graph\">{\"@context\":\"https:\/\/schema.org\",\"@graph\":[{\"@type\":\"WebPage\",\"@id\":\"https:\/\/nonnoluigino.com\/en\/prodotto\/tomato-puree\/\",\"url\":\"https:\/\/nonnoluigino.com\/en\/prodotto\/tomato-puree\/\",\"name\":\"Tomato pur\u00e9e - Nonno Luigino\",\"isPartOf\":{\"@id\":\"http:\/\/nonnoluigino.com\/#website\"},\"primaryImageOfPage\":{\"@id\":\"https:\/\/nonnoluigino.com\/en\/prodotto\/tomato-puree\/#primaryimage\"},\"image\":{\"@id\":\"https:\/\/nonnoluigino.com\/en\/prodotto\/tomato-puree\/#primaryimage\"},\"thumbnailUrl\":\"https:\/\/nonnoluigino.com\/wp-content\/uploads\/2025\/04\/passata-pomodoro.jpg\",\"datePublished\":\"2025-04-04T14:11:13+00:00\",\"dateModified\":\"2025-05-23T14:04:55+00:00\",\"breadcrumb\":{\"@id\":\"https:\/\/nonnoluigino.com\/en\/prodotto\/tomato-puree\/#breadcrumb\"},\"inLanguage\":\"en-US\",\"potentialAction\":[{\"@type\":\"ReadAction\",\"target\":[\"https:\/\/nonnoluigino.com\/en\/prodotto\/tomato-puree\/\"]}]},{\"@type\":\"ImageObject\",\"inLanguage\":\"en-US\",\"@id\":\"https:\/\/nonnoluigino.com\/en\/prodotto\/tomato-puree\/#primaryimage\",\"url\":\"https:\/\/nonnoluigino.com\/wp-content\/uploads\/2025\/04\/passata-pomodoro.jpg\",\"contentUrl\":\"https:\/\/nonnoluigino.com\/wp-content\/uploads\/2025\/04\/passata-pomodoro.jpg\",\"width\":800,\"height\":800},{\"@type\":\"BreadcrumbList\",\"@id\":\"https:\/\/nonnoluigino.com\/en\/prodotto\/tomato-puree\/#breadcrumb\",\"itemListElement\":[{\"@type\":\"ListItem\",\"position\":1,\"name\":\"Home\",\"item\":\"http:\/\/nonnoluigino.com\/en\/\"},{\"@type\":\"ListItem\",\"position\":2,\"name\":\"Shop\",\"item\":\"http:\/\/nonnoluigino.com\/en\/shop\/\"},{\"@type\":\"ListItem\",\"position\":3,\"name\":\"Tomato pur\u00e9e\"}]},{\"@type\":\"WebSite\",\"@id\":\"http:\/\/nonnoluigino.com\/#website\",\"url\":\"http:\/\/nonnoluigino.com\/\",\"name\":\"Nonno Luigino\",\"description\":\"\",\"publisher\":{\"@id\":\"http:\/\/nonnoluigino.com\/#organization\"},\"potentialAction\":[{\"@type\":\"SearchAction\",\"target\":{\"@type\":\"EntryPoint\",\"urlTemplate\":\"http:\/\/nonnoluigino.com\/?s={search_term_string}\"},\"query-input\":{\"@type\":\"PropertyValueSpecification\",\"valueRequired\":true,\"valueName\":\"search_term_string\"}}],\"inLanguage\":\"en-US\"},{\"@type\":\"Organization\",\"@id\":\"http:\/\/nonnoluigino.com\/#organization\",\"name\":\"Nonno Luigino\",\"url\":\"http:\/\/nonnoluigino.com\/\",\"logo\":{\"@type\":\"ImageObject\",\"inLanguage\":\"en-US\",\"@id\":\"http:\/\/nonnoluigino.com\/#\/schema\/logo\/image\/\",\"url\":\"http:\/\/nonnoluigino.com\/wp-content\/uploads\/2025\/08\/logo-verde2.png\",\"contentUrl\":\"http:\/\/nonnoluigino.com\/wp-content\/uploads\/2025\/08\/logo-verde2.png\",\"width\":1238,\"height\":542,\"caption\":\"Nonno Luigino\"},\"image\":{\"@id\":\"http:\/\/nonnoluigino.com\/#\/schema\/logo\/image\/\"}}]}<\/script>\n<!-- \/ Yoast SEO plugin. -->","yoast_head_json":{"title":"Tomato pur\u00e9e - Nonno Luigino","robots":{"index":"index","follow":"follow","max-snippet":"max-snippet:-1","max-image-preview":"max-image-preview:large","max-video-preview":"max-video-preview:-1"},"canonical":"https:\/\/nonnoluigino.com\/en\/prodotto\/tomato-puree\/","og_locale":"en_US","og_type":"article","og_title":"Tomato pur\u00e9e - Nonno Luigino","og_description":"Taste the true essence of tomato with our artisanal tomato pur\u00e9e. Made with fresh tomatoes, grown in our fields and processed using traditional methods, this pur\u00e9e is ideal for enriching every dish with an authentic and genuine flavor.  720ml format.","og_url":"https:\/\/nonnoluigino.com\/en\/prodotto\/tomato-puree\/","og_site_name":"Nonno Luigino","article_modified_time":"2025-05-23T14:04:55+00:00","og_image":[{"width":800,"height":800,"url":"https:\/\/nonnoluigino.com\/wp-content\/uploads\/2025\/04\/passata-pomodoro.jpg","type":"image\/jpeg"}],"twitter_card":"summary_large_image","schema":{"@context":"https:\/\/schema.org","@graph":[{"@type":"WebPage","@id":"https:\/\/nonnoluigino.com\/en\/prodotto\/tomato-puree\/","url":"https:\/\/nonnoluigino.com\/en\/prodotto\/tomato-puree\/","name":"Tomato pur\u00e9e - Nonno Luigino","isPartOf":{"@id":"http:\/\/nonnoluigino.com\/#website"},"primaryImageOfPage":{"@id":"https:\/\/nonnoluigino.com\/en\/prodotto\/tomato-puree\/#primaryimage"},"image":{"@id":"https:\/\/nonnoluigino.com\/en\/prodotto\/tomato-puree\/#primaryimage"},"thumbnailUrl":"https:\/\/nonnoluigino.com\/wp-content\/uploads\/2025\/04\/passata-pomodoro.jpg","datePublished":"2025-04-04T14:11:13+00:00","dateModified":"2025-05-23T14:04:55+00:00","breadcrumb":{"@id":"https:\/\/nonnoluigino.com\/en\/prodotto\/tomato-puree\/#breadcrumb"},"inLanguage":"en-US","potentialAction":[{"@type":"ReadAction","target":["https:\/\/nonnoluigino.com\/en\/prodotto\/tomato-puree\/"]}]},{"@type":"ImageObject","inLanguage":"en-US","@id":"https:\/\/nonnoluigino.com\/en\/prodotto\/tomato-puree\/#primaryimage","url":"https:\/\/nonnoluigino.com\/wp-content\/uploads\/2025\/04\/passata-pomodoro.jpg","contentUrl":"https:\/\/nonnoluigino.com\/wp-content\/uploads\/2025\/04\/passata-pomodoro.jpg","width":800,"height":800},{"@type":"BreadcrumbList","@id":"https:\/\/nonnoluigino.com\/en\/prodotto\/tomato-puree\/#breadcrumb","itemListElement":[{"@type":"ListItem","position":1,"name":"Home","item":"http:\/\/nonnoluigino.com\/en\/"},{"@type":"ListItem","position":2,"name":"Shop","item":"http:\/\/nonnoluigino.com\/en\/shop\/"},{"@type":"ListItem","position":3,"name":"Tomato pur\u00e9e"}]},{"@type":"WebSite","@id":"http:\/\/nonnoluigino.com\/#website","url":"http:\/\/nonnoluigino.com\/","name":"Nonno Luigino","description":"","publisher":{"@id":"http:\/\/nonnoluigino.com\/#organization"},"potentialAction":[{"@type":"SearchAction","target":{"@type":"EntryPoint","urlTemplate":"http:\/\/nonnoluigino.com\/?s={search_term_string}"},"query-input":{"@type":"PropertyValueSpecification","valueRequired":true,"valueName":"search_term_string"}}],"inLanguage":"en-US"},{"@type":"Organization","@id":"http:\/\/nonnoluigino.com\/#organization","name":"Nonno Luigino","url":"http:\/\/nonnoluigino.com\/","logo":{"@type":"ImageObject","inLanguage":"en-US","@id":"http:\/\/nonnoluigino.com\/#\/schema\/logo\/image\/","url":"http:\/\/nonnoluigino.com\/wp-content\/uploads\/2025\/08\/logo-verde2.png","contentUrl":"http:\/\/nonnoluigino.com\/wp-content\/uploads\/2025\/08\/logo-verde2.png","width":1238,"height":542,"caption":"Nonno Luigino"},"image":{"@id":"http:\/\/nonnoluigino.com\/#\/schema\/logo\/image\/"}}]}},"builder_content":"","_links":{"self":[{"href":"https:\/\/nonnoluigino.com\/en\/wp-json\/wp\/v2\/product\/2018","targetHints":{"allow":["GET"]}}],"collection":[{"href":"https:\/\/nonnoluigino.com\/en\/wp-json\/wp\/v2\/product"}],"about":[{"href":"https:\/\/nonnoluigino.com\/en\/wp-json\/wp\/v2\/types\/product"}],"replies":[{"embeddable":true,"href":"https:\/\/nonnoluigino.com\/en\/wp-json\/wp\/v2\/comments?post=2018"}],"wp:featuredmedia":[{"embeddable":true,"href":"https:\/\/nonnoluigino.com\/en\/wp-json\/wp\/v2\/media\/1698"}],"wp:attachment":[{"href":"https:\/\/nonnoluigino.com\/en\/wp-json\/wp\/v2\/media?parent=2018"}],"wp:term":[{"taxonomy":"product_brand","embeddable":true,"href":"https:\/\/nonnoluigino.com\/en\/wp-json\/wp\/v2\/product_brand?post=2018"},{"taxonomy":"product_cat","embeddable":true,"href":"https:\/\/nonnoluigino.com\/en\/wp-json\/wp\/v2\/product_cat?post=2018"},{"taxonomy":"product_tag","embeddable":true,"href":"https:\/\/nonnoluigino.com\/en\/wp-json\/wp\/v2\/product_tag?post=2018"}],"curies":[{"name":"wp","href":"https:\/\/api.w.org\/{rel}","templated":true}]}}